{"id":433,"date":"2025-10-29T12:12:47","date_gmt":"2025-10-29T18:12:47","guid":{"rendered":"https:\/\/funcavid.org\/cogalapagos\/?page_id=433"},"modified":"2025-11-12T10:13:35","modified_gmt":"2025-11-12T16:13:35","slug":"visit-our-community-center","status":"publish","type":"page","link":"https:\/\/funcavid.org\/cogalapagos\/visit-our-community-center\/","title":{"rendered":"Visit our Community Center"},"content":{"rendered":"<header class=\"entry-header\">\n<h1 class=\"mb-2 mt-4 font-display font-semimedium text-base first:mt-0\" style=\"text-align: center;\">Visit\u00a0Us at Our Community\u00a0Center<\/h1>\n<h1 class=\"entry-thumbnail\" style=\"text-align: center;\"><img loading=\"lazy\" decoding=\"async\" class=\"wp-image-449 aligncenter\" src=\"https:\/\/funcavid.org\/cogalapagos\/wp-content\/uploads\/SITIO-WEB-EJES-ESTRATEGICOS-COMUNIDADES-SOSTENIBLES-300x118.jpg\" alt=\"\" width=\"483\" height=\"190\" srcset=\"https:\/\/funcavid.org\/cogalapagos\/wp-content\/uploads\/SITIO-WEB-EJES-ESTRATEGICOS-COMUNIDADES-SOSTENIBLES-300x118.jpg 300w, https:\/\/funcavid.org\/cogalapagos\/wp-content\/uploads\/SITIO-WEB-EJES-ESTRATEGICOS-COMUNIDADES-SOSTENIBLES-1024x403.jpg 1024w, https:\/\/funcavid.org\/cogalapagos\/wp-content\/uploads\/SITIO-WEB-EJES-ESTRATEGICOS-COMUNIDADES-SOSTENIBLES-150x59.jpg 150w, https:\/\/funcavid.org\/cogalapagos\/wp-content\/uploads\/SITIO-WEB-EJES-ESTRATEGICOS-COMUNIDADES-SOSTENIBLES-768x302.jpg 768w, https:\/\/funcavid.org\/cogalapagos\/wp-content\/uploads\/SITIO-WEB-EJES-ESTRATEGICOS-COMUNIDADES-SOSTENIBLES-1536x605.jpg 1536w, https:\/\/funcavid.org\/cogalapagos\/wp-content\/uploads\/SITIO-WEB-EJES-ESTRATEGICOS-COMUNIDADES-SOSTENIBLES-600x236.jpg 600w, https:\/\/funcavid.org\/cogalapagos\/wp-content\/uploads\/SITIO-WEB-EJES-ESTRATEGICOS-COMUNIDADES-SOSTENIBLES.jpg 1920w\" sizes=\"auto, (max-width: 483px) 100vw, 483px\" \/><\/h1>\n<\/header>\n<article id=\"post-717\" class=\"post-single-page post-717 post type-post status-publish format-standard has-post-thumbnail hentry category-actualidad\">\n<div class=\"article-inner\">\n<div class=\"article-body-container\">\n<div class=\"entry-content wd-entry-content\">\n<p class=\"my-2 [&amp;+p]:mt-4 [&amp;_strong:has(+br)]:inline-block [&amp;_strong:has(+br)]:pb-2\" style=\"text-align: left;\">The Renewable Energy Information Center (CIER) stands today as a vital resource for both the community and tourists, offering a wide range of services and educational opportunities.<\/p>\n<h4 class=\"my-2 [&amp;+p]:mt-4 [&amp;_strong:has(+br)]:inline-block [&amp;_strong:has(+br)]:pb-2\" style=\"text-align: left;\"><span style=\"color: #333399;\"><a class=\"reset interactable cursor-pointer decoration-1 underline-offset-1 text-super hover:underline font-semibold\" style=\"color: #333399;\" href=\"https:\/\/drive.google.com\/file\/d\/1zKUXHRZ9VIuQqT-kvIRvCodTTmMmz2Il\/view\" target=\"_blank\" rel=\"nofollow noopener\"><span class=\"text-box-trim-both\">Here you can check the current schedule and activities of our Information Center.<\/span><\/a><\/span><\/h4>\n<p class=\"my-2 [&amp;+p]:mt-4 [&amp;_strong:has(+br)]:inline-block [&amp;_strong:has(+br)]:pb-2\">Since its reopening in July 2024, CIER has played a key role in promoting sustainable development and education in the Gal\u00e1pagos Islands. The center serves as an important hub for knowledge, art, and sustainability, benefiting both the local community and visitors from around the world.<\/p>\n<p class=\"my-2 [&amp;+p]:mt-4 [&amp;_strong:has(+br)]:inline-block [&amp;_strong:has(+br)]:pb-2\">A major milestone in CIER\u2019s development was the signing of a framework cooperation agreement between Elecgalapagos S.A. and the\u00a0<a class=\"reset interactable cursor-pointer decoration-1 underline-offset-1 text-super hover:underline font-semibold\" href=\"https:\/\/funcavid.org\/\" target=\"_blank\" rel=\"nofollow noopener\"><span class=\"text-box-trim-both\">Fundaci\u00f3n Un Cambio por la Vida (FUNCAVID)<\/span><\/a>. This agreement supports the implementation of the Gal\u00e1pagos Energy Transition Plan 2050, driving energy efficiency and organizational improvements while fostering joint initiatives for sustainable development throughout the province.<\/p>\n<h2 class=\"mb-2 mt-4 font-display font-semimedium text-base first:mt-0\">Knowledge, Sustainability, and Art<\/h2>\n<p class=\"my-2 [&amp;+p]:mt-4 [&amp;_strong:has(+br)]:inline-block [&amp;_strong:has(+br)]:pb-2\">The center enhances visitor experience through a variety of offerings, including personalized interpretation services, local art and craft exhibitions, a caf\u00e9 located on the second floor, IMAX film screenings, and meeting and event spaces.<\/p>\n<p class=\"my-2 [&amp;+p]:mt-4 [&amp;_strong:has(+br)]:inline-block [&amp;_strong:has(+br)]:pb-2\">In partnership with the [Gal\u00e1pagos Technological Institute (ITSGAL)], students from the Tourism Operations Management program provide valuable information about the natural and human history of Gal\u00e1pagos, its flora and fauna, renewable energy projects, energy efficiency programs, and community initiatives.<\/p>\n<p style=\"text-align: left;\">Visitors also have access to the IMAX screening room, where documentaries and educational films about topics related to Gal\u00e1pagos are regularly shown.<\/p>\n<\/div>\n<\/div>\n<div class=\"article-body-container\">\n<div class=\"entry-content wd-entry-content\">\n<h2><img loading=\"lazy\" decoding=\"async\" class=\"wp-image-719 aligncenter\" style=\"color: #333333; font-size: 16px; font-weight: 400;\" src=\"https:\/\/funcavid.org\/wp-content\/uploads\/WhatsApp-Image-2024-08-05-at-17.03.11-300x225.jpeg\" sizes=\"auto, (max-width: 269px) 100vw, 269px\" srcset=\"https:\/\/funcavid.org\/wp-content\/uploads\/WhatsApp-Image-2024-08-05-at-17.03.11-300x225.jpeg 300w, https:\/\/funcavid.org\/wp-content\/uploads\/WhatsApp-Image-2024-08-05-at-17.03.11-1024x768.jpeg 1024w, https:\/\/funcavid.org\/wp-content\/uploads\/WhatsApp-Image-2024-08-05-at-17.03.11-150x113.jpeg 150w, https:\/\/funcavid.org\/wp-content\/uploads\/WhatsApp-Image-2024-08-05-at-17.03.11-768x576.jpeg 768w, https:\/\/funcavid.org\/wp-content\/uploads\/WhatsApp-Image-2024-08-05-at-17.03.11-1536x1152.jpeg 1536w, https:\/\/funcavid.org\/wp-content\/uploads\/WhatsApp-Image-2024-08-05-at-17.03.11-2048x1536.jpeg 2048w\" alt=\"Revitalizaci\u00f3n CIER Gal\u00e1pagos Sala IMAX\" width=\"325\" height=\"244\" \/><\/h2>\n<h2><\/h2>\n<h2 class=\"mb-2 mt-4 font-display font-semimedium text-base first:mt-0\">Events and Training<\/h2>\n<p class=\"my-2 [&amp;+p]:mt-4 [&amp;_strong:has(+br)]:inline-block [&amp;_strong:has(+br)]:pb-2\">CIER offers fully equipped meeting rooms for public and private events, serving as a versatile space for conferences, workshops, seminars, and community meetings. These spaces are available to local organizations as well as visitors.<\/p>\n<p class=\"my-2 [&amp;+p]:mt-4 [&amp;_strong:has(+br)]:inline-block [&amp;_strong:has(+br)]:pb-2\">CIER\u2019s active presence, through ongoing collaboration with Elecgalapagos SA, FUNCAVID, and other partners, continues to provide an enriching educational and cultural environment that promotes energy efficiency projects and community development.<\/p>\n<p style=\"text-align: left;\"><img loading=\"lazy\" decoding=\"async\" class=\"wp-image-729 aligncenter\" src=\"https:\/\/funcavid.org\/wp-content\/uploads\/REVITALIZACION-CIER-GALAPAGOS-INTERPRETACION-1024x794.jpg\" sizes=\"auto, (max-width: 795px) 100vw, 795px\" srcset=\"https:\/\/funcavid.org\/wp-content\/uploads\/REVITALIZACION-CIER-GALAPAGOS-INTERPRETACION-1024x794.jpg 1024w, https:\/\/funcavid.org\/wp-content\/uploads\/REVITALIZACION-CIER-GALAPAGOS-INTERPRETACION-300x233.jpg 300w, https:\/\/funcavid.org\/wp-content\/uploads\/REVITALIZACION-CIER-GALAPAGOS-INTERPRETACION-150x116.jpg 150w, https:\/\/funcavid.org\/wp-content\/uploads\/REVITALIZACION-CIER-GALAPAGOS-INTERPRETACION-768x595.jpg 768w, https:\/\/funcavid.org\/wp-content\/uploads\/REVITALIZACION-CIER-GALAPAGOS-INTERPRETACION.jpg 1500w\" alt=\"REVITALIZACI\u00d3N CIER GAL\u00c1PAGOS INTERPRETACI\u00d3N\" width=\"795\" height=\"616\" \/><\/p>\n<p class=\"my-2 [&amp;+p]:mt-4 [&amp;_strong:has(+br)]:inline-block [&amp;_strong:has(+br)]:pb-2\">The alliance with Elecgalapagos SA aligns with FUNCAVID\u2019s strategic priorities: Community Resilience, Education for Sustainability, and Reactivation and Entrepreneurship, which are prioritized through 2030.<\/p>\n<h4 class=\"mb-2 mt-4 font-display font-semimedium text-base first:mt-0\" style=\"text-align: center;\"><em>FUNCAVID: Supporting Sustainable Development in Gal\u00e1pagos<\/em><\/h4>\n<\/div>\n<\/div>\n<\/div>\n<\/article>\n","protected":false},"excerpt":{"rendered":"<p>Visit\u00a0Us at Our Community\u00a0Center The Renewable Energy Information Center (CIER) stands today as a vital resource for both the community<\/p>\n","protected":false},"author":1,"featured_media":0,"parent":0,"menu_order":0,"comment_status":"closed","ping_status":"closed","template":"","meta":{"footnotes":""},"class_list":["post-433","page","type-page","status-publish","hentry"],"_links":{"self":[{"href":"https:\/\/funcavid.org\/cogalapagos\/wp-json\/wp\/v2\/pages\/433","targetHints":{"allow":["GET"]}}],"collection":[{"href":"https:\/\/funcavid.org\/cogalapagos\/wp-json\/wp\/v2\/pages"}],"about":[{"href":"https:\/\/funcavid.org\/cogalapagos\/wp-json\/wp\/v2\/types\/page"}],"author":[{"embeddable":true,"href":"https:\/\/funcavid.org\/cogalapagos\/wp-json\/wp\/v2\/users\/1"}],"replies":[{"embeddable":true,"href":"https:\/\/funcavid.org\/cogalapagos\/wp-json\/wp\/v2\/comments?post=433"}],"version-history":[{"count":18,"href":"https:\/\/funcavid.org\/cogalapagos\/wp-json\/wp\/v2\/pages\/433\/revisions"}],"predecessor-version":[{"id":540,"href":"https:\/\/funcavid.org\/cogalapagos\/wp-json\/wp\/v2\/pages\/433\/revisions\/540"}],"wp:attachment":[{"href":"https:\/\/funcavid.org\/cogalapagos\/wp-json\/wp\/v2\/media?parent=433"}],"curies":[{"name":"wp","href":"https:\/\/api.w.org\/{rel}","templated":true}]}}